{"id":3777,"date":"2025-06-30T09:14:16","date_gmt":"2025-06-30T07:14:16","guid":{"rendered":"https:\/\/millermac.it\/?page_id=3777"},"modified":"2025-06-30T09:14:16","modified_gmt":"2025-06-30T07:14:16","slug":"completati-campurile-pentru-a-descarca-fisa-tehnica-tr600xl","status":"publish","type":"page","link":"https:\/\/millermac.it\/ro\/completati-campurile-pentru-a-descarca-fisa-tehnica-tr600xl\/","title":{"rendered":"Completa\u021bi c\u00e2mpurile (*) pentru a desc\u0103rca fi\u0219a tehnic\u0103 TR600XL!"},"content":{"rendered":"<p>Completa\u021bi c\u00e2mpurile de mai jos pentru a primi acces imediat la fi\u0219a tehnic\u0103 PDF multilingv\u0103 a toc\u0103torului industrial TR600XL. Fi\u0219ierul include toate specifica\u021biile \u00een englez\u0103, francez\u0103, spaniol\u0103, italian\u0103 \u0219i rom\u00e2n\u0103.<\/p>\r\n\r\n\r\n<pre class=\"wp-block-code\"><code><\/code><\/pre>\r\n\r\n\r\n<div class=\"wpforms-container wpforms-container-full wpforms-block wpforms-block-b7e8f5ca-0867-4f6b-857b-663df92f2e9e wpforms-render-modern\" id=\"wpforms-3762\"><form id=\"wpforms-form-3762\" class=\"wpforms-validate wpforms-form wpforms-ajax-form\" data-formid=\"3762\" method=\"post\" enctype=\"multipart\/form-data\" action=\"\/ro\/wp-json\/wp\/v2\/pages\/3777\" data-token=\"6c9ae864b945c0951e98282639e5e110\" data-token-time=\"1778670926\"><noscript class=\"wpforms-error-noscript\">Please enable JavaScript in your browser to complete this form.<\/noscript><div id=\"wpforms-error-noscript\" style=\"display: none;\">Please enable JavaScript in your browser to complete this form.<\/div><div class=\"wpforms-field-container\"><div id=\"wpforms-3762-field_1-container\" class=\"wpforms-field wpforms-field-name\" data-field-id=\"1\"><fieldset><legend class=\"wpforms-field-label\">Nume <span class=\"wpforms-required-label\" aria-hidden=\"true\">*<\/span><\/legend><div class=\"wpforms-field-row wpforms-field-medium\"><div class=\"wpforms-field-row-block wpforms-first wpforms-one-half\"><input type=\"text\" id=\"wpforms-3762-field_1\" class=\"wpforms-field-name-first wpforms-field-required\" name=\"wpforms[fields][1][first]\" aria-errormessage=\"wpforms-3762-field_1-error\" required><label for=\"wpforms-3762-field_1\" class=\"wpforms-field-sublabel after\">Nome<\/label><\/div><div class=\"wpforms-field-row-block wpforms-one-half\"><input type=\"text\" id=\"wpforms-3762-field_1-last\" class=\"wpforms-field-name-last wpforms-field-required\" name=\"wpforms[fields][1][last]\" aria-errormessage=\"wpforms-3762-field_1-last-error\" required><label for=\"wpforms-3762-field_1-last\" class=\"wpforms-field-sublabel after\">Cognome<\/label><\/div><\/div><\/fieldset><\/div><div id=\"wpforms-3762-field_4-container\" class=\"wpforms-field wpforms-field-text\" data-field-id=\"4\"><label class=\"wpforms-field-label\" for=\"wpforms-3762-field_4\">\tCompanie <span class=\"wpforms-required-label\" aria-hidden=\"true\">*<\/span><\/label><input type=\"text\" id=\"wpforms-3762-field_4\" class=\"wpforms-field-medium wpforms-field-required\" name=\"wpforms[fields][4]\" aria-errormessage=\"wpforms-3762-field_4-error\" required><\/div><div id=\"wpforms-3762-field_2-container\" class=\"wpforms-field wpforms-field-email\" data-field-id=\"2\"><label class=\"wpforms-field-label\" for=\"wpforms-3762-field_2\">Email <span class=\"wpforms-required-label\" aria-hidden=\"true\">*<\/span><\/label><input type=\"email\" id=\"wpforms-3762-field_2\" class=\"wpforms-field-medium wpforms-field-required\" name=\"wpforms[fields][2]\" spellcheck=\"false\" aria-errormessage=\"wpforms-3762-field_2-error\" required><\/div><div id=\"wpforms-3762-field_5-container\" class=\"wpforms-field wpforms-field-text\" data-field-id=\"5\"><label class=\"wpforms-field-label\" for=\"wpforms-3762-field_5\">\u021aar\u0103 <span class=\"wpforms-required-label\" aria-hidden=\"true\">*<\/span><\/label><input type=\"text\" id=\"wpforms-3762-field_5\" class=\"wpforms-field-medium wpforms-field-required\" name=\"wpforms[fields][5]\" aria-errormessage=\"wpforms-3762-field_5-error\" required><\/div><div id=\"wpforms-3762-field_6-container\" class=\"wpforms-field wpforms-field-text\" data-field-id=\"6\"><label class=\"wpforms-field-label\" for=\"wpforms-3762-field_6\">Num\u0103r de telefon <span class=\"wpforms-required-label\" aria-hidden=\"true\">*<\/span><\/label><input type=\"text\" id=\"wpforms-3762-field_6\" class=\"wpforms-field-medium wpforms-field-required\" name=\"wpforms[fields][6]\" aria-errormessage=\"wpforms-3762-field_6-error\" required><\/div><div id=\"wpforms-3762-field_7-container\" class=\"wpforms-field wpforms-field-text\" data-field-id=\"7\"><label class=\"wpforms-field-label\" for=\"wpforms-3762-field_7\">Mesaj<\/label><input type=\"text\" id=\"wpforms-3762-field_7\" class=\"wpforms-field-medium\" name=\"wpforms[fields][7]\" aria-errormessage=\"wpforms-3762-field_7-error\" ><\/div>\t\t<div id=\"wpforms-3762-field_3-container\"\n\t\t\tclass=\"wpforms-field wpforms-field-text\"\n\t\t\tdata-field-type=\"text\"\n\t\t\tdata-field-id=\"3\"\n\t\t\t>\n\t\t\t<label class=\"wpforms-field-label\" for=\"wpforms-3762-field_3\" >Nume [Politica Mesaj<\/label>\n\t\t\t<input type=\"text\" id=\"wpforms-3762-field_3\" class=\"wpforms-field-medium\" name=\"wpforms[fields][3]\" >\n\t\t<\/div>\n\t\t<div id=\"wpforms-3762-field_8-container\" class=\"wpforms-field wpforms-field-checkbox\" data-field-id=\"8\"><fieldset><legend class=\"wpforms-field-label\">Sunt de acord cu prelucrarea datelor conform [Politica de confiden\u021bialitate] <span class=\"wpforms-required-label\" aria-hidden=\"true\">*<\/span><\/legend><ul id=\"wpforms-3762-field_8\" class=\"wpforms-field-required\"><li class=\"choice-1 depth-1\"><input type=\"checkbox\" id=\"wpforms-3762-field_8_1\" name=\"wpforms[fields][8][]\" value=\"Sunt de acord\" aria-errormessage=\"wpforms-3762-field_8_1-error\" required ><label class=\"wpforms-field-label-inline\" for=\"wpforms-3762-field_8_1\">Sunt de acord<\/label><\/li><\/ul><\/fieldset><\/div><script>\n\t\t\t\t( function() {\n\t\t\t\t\tconst style = document.createElement( 'style' );\n\t\t\t\t\tstyle.appendChild( document.createTextNode( '#wpforms-3762-field_3-container { position: absolute !important; overflow: hidden !important; display: inline !important; height: 1px !important; width: 1px !important; z-index: -1000 !important; padding: 0 !important; } #wpforms-3762-field_3-container input { visibility: hidden; } #wpforms-conversational-form-page #wpforms-3762-field_3-container label { counter-increment: none; }' ) );\n\t\t\t\t\tdocument.head.appendChild( style );\n\t\t\t\t\tdocument.currentScript?.remove();\n\t\t\t\t} )();\n\t\t\t<\/script><\/div><!-- .wpforms-field-container --><div class=\"wpforms-submit-container\" ><input type=\"hidden\" name=\"wpforms[id]\" value=\"3762\"><input type=\"hidden\" name=\"page_title\" value=\"\"><input type=\"hidden\" name=\"page_url\" value=\"https:\/\/millermac.it\/ro\/wp-json\/wp\/v2\/pages\/3777\"><input type=\"hidden\" name=\"url_referer\" value=\"\"><button type=\"submit\" name=\"wpforms[submit]\" id=\"wpforms-submit-3762\" class=\"wpforms-submit\" data-alt-text=\"Se trimite...\" data-submit-text=\"Trimite\" aria-live=\"assertive\" value=\"wpforms-submit\">Trimite<\/button><img decoding=\"async\" src=\"data:image\/svg+xml,%3Csvg%20xmlns%3D%27http%3A%2F%2Fwww.w3.org%2F2000%2Fsvg%27%20width%3D%2726%27%20height%3D%2726%27%20viewBox%3D%270%200%2026%2026%27%3E%3Crect%20width%3D%2726%27%20height%3D%2726%27%20fill-opacity%3D%220%22%2F%3E%3C%2Fsvg%3E\" data-orig-src=\"https:\/\/millermac.it\/wp-content\/plugins\/wpforms-lite\/assets\/images\/submit-spin.svg\" class=\"lazyload wpforms-submit-spinner\" style=\"display: none;\" width=\"26\" height=\"26\" alt=\"Loading\"><\/div><\/form><\/div>  <!-- .wpforms-container -->","protected":false},"excerpt":{"rendered":"<p>Completa\u021bi c\u00e2mpurile de mai jos pentru a primi acces imediat  [&#8230;]<\/p>\n","protected":false},"author":2,"featured_media":0,"parent":0,"menu_order":0,"comment_status":"closed","ping_status":"closed","template":"","meta":{"footnotes":""},"class_list":["post-3777","page","type-page","status-publish","hentry"],"yoast_head":"<!-- This site is optimized with the Yoast SEO plugin v27.4 - https:\/\/yoast.com\/product\/yoast-seo-wordpress\/ -->\n<title>Completa\u021bi c\u00e2mpurile (*) pentru a desc\u0103rca fi\u0219a tehnic\u0103 TR600XL! - MillerMac srls<\/title>\n<meta name=\"robots\" content=\"index, follow, max-snippet:-1, max-image-preview:large, max-video-preview:-1\" \/>\n<link rel=\"canonical\" href=\"https:\/\/millermac.it\/ro\/completati-campurile-pentru-a-descarca-fisa-tehnica-tr600xl\/\" \/>\n<meta property=\"og:locale\" content=\"ro_RO\" \/>\n<meta property=\"og:type\" content=\"article\" \/>\n<meta property=\"og:title\" content=\"Completa\u021bi c\u00e2mpurile (*) pentru a desc\u0103rca fi\u0219a tehnic\u0103 TR600XL! - MillerMac srls\" \/>\n<meta property=\"og:description\" content=\"Completa\u021bi c\u00e2mpurile de mai jos pentru a primi acces imediat [...]\" \/>\n<meta property=\"og:url\" content=\"https:\/\/millermac.it\/ro\/completati-campurile-pentru-a-descarca-fisa-tehnica-tr600xl\/\" \/>\n<meta property=\"og:site_name\" content=\"MillerMac srls\" \/>\n<meta name=\"twitter:card\" content=\"summary_large_image\" \/>\n<meta name=\"twitter:label1\" content=\"Timp estimat pentru citire\" \/>\n\t<meta name=\"twitter:data1\" content=\"1 minut\" \/>\n<script type=\"application\/ld+json\" class=\"yoast-schema-graph\">{\"@context\":\"https:\\\/\\\/schema.org\",\"@graph\":[{\"@type\":\"WebPage\",\"@id\":\"https:\\\/\\\/millermac.it\\\/ro\\\/completati-campurile-pentru-a-descarca-fisa-tehnica-tr600xl\\\/\",\"url\":\"https:\\\/\\\/millermac.it\\\/ro\\\/completati-campurile-pentru-a-descarca-fisa-tehnica-tr600xl\\\/\",\"name\":\"Completa\u021bi c\u00e2mpurile (*) pentru a desc\u0103rca fi\u0219a tehnic\u0103 TR600XL! - MillerMac srls\",\"isPartOf\":{\"@id\":\"https:\\\/\\\/millermac.it\\\/ro\\\/#website\"},\"datePublished\":\"2025-06-30T07:14:16+00:00\",\"breadcrumb\":{\"@id\":\"https:\\\/\\\/millermac.it\\\/ro\\\/completati-campurile-pentru-a-descarca-fisa-tehnica-tr600xl\\\/#breadcrumb\"},\"inLanguage\":\"ro-RO\",\"potentialAction\":[{\"@type\":\"ReadAction\",\"target\":[\"https:\\\/\\\/millermac.it\\\/ro\\\/completati-campurile-pentru-a-descarca-fisa-tehnica-tr600xl\\\/\"]}]},{\"@type\":\"BreadcrumbList\",\"@id\":\"https:\\\/\\\/millermac.it\\\/ro\\\/completati-campurile-pentru-a-descarca-fisa-tehnica-tr600xl\\\/#breadcrumb\",\"itemListElement\":[{\"@type\":\"ListItem\",\"position\":1,\"name\":\"Home\",\"item\":\"https:\\\/\\\/millermac.it\\\/ro\\\/millermac\\\/\"},{\"@type\":\"ListItem\",\"position\":2,\"name\":\"Completa\u021bi c\u00e2mpurile (*) pentru a desc\u0103rca fi\u0219a tehnic\u0103 TR600XL!\"}]},{\"@type\":\"WebSite\",\"@id\":\"https:\\\/\\\/millermac.it\\\/ro\\\/#website\",\"url\":\"https:\\\/\\\/millermac.it\\\/ro\\\/\",\"name\":\"MillerMac srls\",\"description\":\"Macchinari e impianti per la macinazione industriale, impianti industriali per il riciclaggio e lo smaltimento di qualsiasi tipologia di rifiuto solido e industriale e impianti per la produzione del pellet\",\"publisher\":{\"@id\":\"https:\\\/\\\/millermac.it\\\/ro\\\/#organization\"},\"potentialAction\":[{\"@type\":\"SearchAction\",\"target\":{\"@type\":\"EntryPoint\",\"urlTemplate\":\"https:\\\/\\\/millermac.it\\\/ro\\\/?s={search_term_string}\"},\"query-input\":{\"@type\":\"PropertyValueSpecification\",\"valueRequired\":true,\"valueName\":\"search_term_string\"}}],\"inLanguage\":\"ro-RO\"},{\"@type\":\"Organization\",\"@id\":\"https:\\\/\\\/millermac.it\\\/ro\\\/#organization\",\"name\":\"Miller Mac srls\",\"url\":\"https:\\\/\\\/millermac.it\\\/ro\\\/\",\"logo\":{\"@type\":\"ImageObject\",\"inLanguage\":\"ro-RO\",\"@id\":\"https:\\\/\\\/millermac.it\\\/ro\\\/#\\\/schema\\\/logo\\\/image\\\/\",\"url\":\"https:\\\/\\\/millermac.it\\\/wp-content\\\/uploads\\\/2024\\\/07\\\/MillerMac_Logo-512.jpg\",\"contentUrl\":\"https:\\\/\\\/millermac.it\\\/wp-content\\\/uploads\\\/2024\\\/07\\\/MillerMac_Logo-512.jpg\",\"width\":497,\"height\":107,\"caption\":\"Miller Mac srls\"},\"image\":{\"@id\":\"https:\\\/\\\/millermac.it\\\/ro\\\/#\\\/schema\\\/logo\\\/image\\\/\"},\"sameAs\":[\"https:\\\/\\\/www.youtube.com\\\/channel\\\/UCOlH-OYiDiR5VIHFwJclG8w\",\"https:\\\/\\\/it.linkedin.com\\\/in\\\/miller-mac-srls-394399286?original_referer=httpswww.google.com\"]}]}<\/script>\n<!-- \/ Yoast SEO plugin. -->","yoast_head_json":{"title":"Completa\u021bi c\u00e2mpurile (*) pentru a desc\u0103rca fi\u0219a tehnic\u0103 TR600XL! - MillerMac srls","robots":{"index":"index","follow":"follow","max-snippet":"max-snippet:-1","max-image-preview":"max-image-preview:large","max-video-preview":"max-video-preview:-1"},"canonical":"https:\/\/millermac.it\/ro\/completati-campurile-pentru-a-descarca-fisa-tehnica-tr600xl\/","og_locale":"ro_RO","og_type":"article","og_title":"Completa\u021bi c\u00e2mpurile (*) pentru a desc\u0103rca fi\u0219a tehnic\u0103 TR600XL! - MillerMac srls","og_description":"Completa\u021bi c\u00e2mpurile de mai jos pentru a primi acces imediat [...]","og_url":"https:\/\/millermac.it\/ro\/completati-campurile-pentru-a-descarca-fisa-tehnica-tr600xl\/","og_site_name":"MillerMac srls","twitter_card":"summary_large_image","twitter_misc":{"Timp estimat pentru citire":"1 minut"},"schema":{"@context":"https:\/\/schema.org","@graph":[{"@type":"WebPage","@id":"https:\/\/millermac.it\/ro\/completati-campurile-pentru-a-descarca-fisa-tehnica-tr600xl\/","url":"https:\/\/millermac.it\/ro\/completati-campurile-pentru-a-descarca-fisa-tehnica-tr600xl\/","name":"Completa\u021bi c\u00e2mpurile (*) pentru a desc\u0103rca fi\u0219a tehnic\u0103 TR600XL! - MillerMac srls","isPartOf":{"@id":"https:\/\/millermac.it\/ro\/#website"},"datePublished":"2025-06-30T07:14:16+00:00","breadcrumb":{"@id":"https:\/\/millermac.it\/ro\/completati-campurile-pentru-a-descarca-fisa-tehnica-tr600xl\/#breadcrumb"},"inLanguage":"ro-RO","potentialAction":[{"@type":"ReadAction","target":["https:\/\/millermac.it\/ro\/completati-campurile-pentru-a-descarca-fisa-tehnica-tr600xl\/"]}]},{"@type":"BreadcrumbList","@id":"https:\/\/millermac.it\/ro\/completati-campurile-pentru-a-descarca-fisa-tehnica-tr600xl\/#breadcrumb","itemListElement":[{"@type":"ListItem","position":1,"name":"Home","item":"https:\/\/millermac.it\/ro\/millermac\/"},{"@type":"ListItem","position":2,"name":"Completa\u021bi c\u00e2mpurile (*) pentru a desc\u0103rca fi\u0219a tehnic\u0103 TR600XL!"}]},{"@type":"WebSite","@id":"https:\/\/millermac.it\/ro\/#website","url":"https:\/\/millermac.it\/ro\/","name":"MillerMac srls","description":"Macchinari e impianti per la macinazione industriale, impianti industriali per il riciclaggio e lo smaltimento di qualsiasi tipologia di rifiuto solido e industriale e impianti per la produzione del pellet","publisher":{"@id":"https:\/\/millermac.it\/ro\/#organization"},"potentialAction":[{"@type":"SearchAction","target":{"@type":"EntryPoint","urlTemplate":"https:\/\/millermac.it\/ro\/?s={search_term_string}"},"query-input":{"@type":"PropertyValueSpecification","valueRequired":true,"valueName":"search_term_string"}}],"inLanguage":"ro-RO"},{"@type":"Organization","@id":"https:\/\/millermac.it\/ro\/#organization","name":"Miller Mac srls","url":"https:\/\/millermac.it\/ro\/","logo":{"@type":"ImageObject","inLanguage":"ro-RO","@id":"https:\/\/millermac.it\/ro\/#\/schema\/logo\/image\/","url":"https:\/\/millermac.it\/wp-content\/uploads\/2024\/07\/MillerMac_Logo-512.jpg","contentUrl":"https:\/\/millermac.it\/wp-content\/uploads\/2024\/07\/MillerMac_Logo-512.jpg","width":497,"height":107,"caption":"Miller Mac srls"},"image":{"@id":"https:\/\/millermac.it\/ro\/#\/schema\/logo\/image\/"},"sameAs":["https:\/\/www.youtube.com\/channel\/UCOlH-OYiDiR5VIHFwJclG8w","https:\/\/it.linkedin.com\/in\/miller-mac-srls-394399286?original_referer=httpswww.google.com"]}]}},"_links":{"self":[{"href":"https:\/\/millermac.it\/ro\/wp-json\/wp\/v2\/pages\/3777","targetHints":{"allow":["GET"]}}],"collection":[{"href":"https:\/\/millermac.it\/ro\/wp-json\/wp\/v2\/pages"}],"about":[{"href":"https:\/\/millermac.it\/ro\/wp-json\/wp\/v2\/types\/page"}],"author":[{"embeddable":true,"href":"https:\/\/millermac.it\/ro\/wp-json\/wp\/v2\/users\/2"}],"replies":[{"embeddable":true,"href":"https:\/\/millermac.it\/ro\/wp-json\/wp\/v2\/comments?post=3777"}],"version-history":[{"count":1,"href":"https:\/\/millermac.it\/ro\/wp-json\/wp\/v2\/pages\/3777\/revisions"}],"predecessor-version":[{"id":3778,"href":"https:\/\/millermac.it\/ro\/wp-json\/wp\/v2\/pages\/3777\/revisions\/3778"}],"wp:attachment":[{"href":"https:\/\/millermac.it\/ro\/wp-json\/wp\/v2\/media?parent=3777"}],"curies":[{"name":"wp","href":"https:\/\/api.w.org\/{rel}","templated":true}]}}